{"id":192,"date":"2025-04-16T15:13:23","date_gmt":"2025-04-16T15:13:23","guid":{"rendered":"https:\/\/montepalm-beach.ms2.decms.eu\/?page_id=192"},"modified":"2025-05-19T09:25:38","modified_gmt":"2025-05-19T09:25:38","slug":"pravna-obavjest","status":"publish","type":"page","link":"https:\/\/www.montepalmbeach.com\/me\/pravna-obavjest\/","title":{"rendered":"Pravna obavjest"},"content":{"rendered":"<p>Naziv kompanije: Adriatic Catering d.o.o.<br \/>\nRegistrovana adresa: Seljanovo bb, Tivat<br \/>\nPIB: 02971917<br \/>\nPDV broj: 91\/31-01139-0<\/p>\n<p>Kontrolor podataka:<br \/>\nAdriatic Catering d.o.o. je kontrolor li\u010dnih podataka prikupljenih putem ovog sajta. Za bilo kakva pitanja u vezi sa obradom li\u010dnih podataka, mo\u017eete nas kontaktirati na:<\/p>\n<p>Email: sales@montepalmbeach.com<br \/>\nTelefon: +38269101014<br \/>\nAdresa: Seljanovo bb, Tivat<br \/>\nSvrha prikupljanja podataka:<br \/>\nPrikupljamo li\u010dne podatke kako bismo pobolj\u0161ali va\u0161e iskustvo na na\u0161em sajtu, obradili va\u0161e upite i pru\u017eili na\u0161e usluge. Li\u010dni podaci mogu uklju\u010divati, ali nisu ograni\u010deni na va\u0161e ime, email adresu, broj telefona i druge relevantne informacije potrebne za izvr\u0161enje usluga.<\/p>\n<p>Pravni osnov za obradu:<br \/>\nObrada va\u0161ih li\u010dnih podataka vr\u0161i se na osnovu va\u0161eg pristanka ili na\u0161eg legitimnog interesa u pru\u017eanju najboljih mogu\u0107ih usluga.<\/p>\n<p>Zadr\u017eavanje podataka:<br \/>\nVa\u0161i li\u010dni podaci bi\u0107e zadr\u017eani samo onoliko koliko je potrebno da bi se ispunile svrhe za koje su prikupljeni ili koliko to zakon zahteva.<\/p>\n<p>Va\u0161a prava:<br \/>\nKao subjekt podataka, imate pravo da:<\/p>\n<p>Imate pristup svojim li\u010dnim podacima<br \/>\nIspravite bilo kakve neta\u010dnosti u svojim li\u010dnim podacima<br \/>\nZatra\u017eite brisanje svojih li\u010dnih podataka<br \/>\nProtivite se ili ograni\u010dite obradu svojih li\u010dnih podataka<br \/>\nPovu\u010dete svoj pristanak u bilo kom trenutku (bez uticaja na zakonitost obrade na osnovu pristanka pre nego \u0161to je povu\u010den)<br \/>\nBezbednost podataka:<br \/>\nPrimeni\u0107emo odgovaraju\u0107e tehni\u010dke i organizacione mere za za\u0161titu va\u0161ih li\u010dnih podataka od neovla\u0161\u0107enog pristupa, gubitka ili uni\u0161tenja.<\/p>\n<p>Deljenje podataka:<br \/>\nNe\u0107emo deliti va\u0161e li\u010dne podatke sa tre\u0107im stranama, osim kada je to zakonski zahtevano ili kada je neophodno za ispunjenje na\u0161ih obaveza prema uslugama.<\/p>\n<p>Kola\u010di\u0107i:<br \/>\nOvaj sajt koristi kola\u010di\u0107e kako bi pobolj\u0161ao va\u0161e iskustvo. Kori\u0161\u0107enjem na\u0161eg sajta, pristajete na kori\u0161\u0107enje kola\u010di\u0107a. Mo\u017eete upravljati pode\u0161avanjima kola\u010di\u0107a putem pode\u0161avanja va\u0161eg pregleda\u010da.<\/p>\n<a href=\"#dedge-didomi-show-cookie-preferences\" class=\"dedge-didomi-preferences-button\">Consent preferences<\/a>\n","protected":false},"excerpt":{"rendered":"<p>Naziv kompanije: Adriatic Catering d.o.o. Registrovana adresa: Seljanovo bb, Tivat PIB: 02971917 PDV broj: 91\/31-01139-0 Kontrolor podataka: Adriatic Catering d.o.o. je kontrolor li\u010dnih podataka prikupljenih putem ovog sajta. Za bilo kakva pitanja u vezi sa obradom li\u010dnih podataka, mo\u017eete nas kontaktirati na: Email: sales@montepalmbeach.com Telefon: +38269101014 Adresa: Seljanovo bb, Tivat Svrha prikupljanja podataka: Prikupljamo li\u010dne [&hellip;]<\/p>\n","protected":false},"author":8,"featured_media":0,"parent":0,"menu_order":900,"comment_status":"closed","ping_status":"closed","template":"","meta":{"footnotes":""},"yoast_head":"<!-- This site is optimized with the Yoast SEO plugin v22.3 - https:\/\/yoast.com\/wordpress\/plugins\/seo\/ -->\n<title>Pravna obavjest ~ Monte Palm Beach ~<\/title>\n<meta name=\"description\" content=\"Naziv kompanije: Adriatic Catering d.o.o. Registrovana adresa: Seljanovo bb, Tivat PIB: 02971917 PDV broj: 91\/31-01139-0  Kontrolor podataka: Adriatic Catering d.o.o. je kontrolor li\u010dnih podataka prikupljenih putem ovog sajta\" \/>\n<meta name=\"robots\" content=\"index, follow, max-snippet:-1, max-image-preview:large, max-video-preview:-1\" \/>\n<link rel=\"canonical\" href=\"https:\/\/www.montepalmbeach.com\/me\/pravna-obavjest\/\" \/>\n<meta property=\"og:locale\" content=\"en_US\" \/>\n<meta property=\"og:type\" content=\"article\" \/>\n<meta property=\"og:title\" content=\"Pravna obavjest ~ Monte Palm Beach ~\" \/>\n<meta property=\"og:description\" content=\"Naziv kompanije: Adriatic Catering d.o.o. Registrovana adresa: Seljanovo bb, Tivat PIB: 02971917 PDV broj: 91\/31-01139-0  Kontrolor podataka: Adriatic Catering d.o.o. je kontrolor li\u010dnih podataka prikupljenih putem ovog sajta\" \/>\n<meta property=\"og:url\" content=\"https:\/\/www.montepalmbeach.com\/me\/pravna-obavjest\/\" \/>\n<meta property=\"og:site_name\" content=\"Monte Palm Beach\" \/>\n<meta property=\"article:publisher\" content=\"https:\/\/www.facebook.com\/montepalmbeach\" \/>\n<meta property=\"article:modified_time\" content=\"2025-05-19T09:25:38+00:00\" \/>\n<meta property=\"og:image\" content=\"https:\/\/www.montepalmbeach.com\/wp-content\/uploads\/sites\/230\/2025\/04\/hotel-Monte-Palm-Beach-4.jpg\" \/>\n\t<meta property=\"og:image:width\" content=\"2200\" \/>\n\t<meta property=\"og:image:height\" content=\"1406\" \/>\n\t<meta property=\"og:image:type\" content=\"image\/jpeg\" \/>\n<meta name=\"twitter:card\" content=\"summary_large_image\" \/>\n<meta name=\"twitter:label1\" content=\"Est. reading time\" \/>\n\t<meta name=\"twitter:data1\" content=\"2 minutes\" \/>\n<script type=\"application\/ld+json\" class=\"yoast-schema-graph\">{\"@context\":\"https:\/\/schema.org\",\"@graph\":[{\"@type\":\"WebPage\",\"@id\":\"https:\/\/www.montepalmbeach.com\/me\/pravna-obavjest\/\",\"url\":\"https:\/\/www.montepalmbeach.com\/me\/pravna-obavjest\/\",\"name\":\"Pravna obavjest ~ Monte Palm Beach ~\",\"isPartOf\":{\"@id\":\"https:\/\/www.montepalmbeach.com\/me\/#website\"},\"datePublished\":\"2025-04-16T15:13:23+00:00\",\"dateModified\":\"2025-05-19T09:25:38+00:00\",\"description\":\"Naziv kompanije: Adriatic Catering d.o.o. Registrovana adresa: Seljanovo bb, Tivat PIB: 02971917 PDV broj: 91\/31-01139-0 Kontrolor podataka: Adriatic Catering d.o.o. je kontrolor li\u010dnih podataka prikupljenih putem ovog sajta\",\"breadcrumb\":{\"@id\":\"https:\/\/www.montepalmbeach.com\/me\/pravna-obavjest\/#breadcrumb\"},\"inLanguage\":\"me-MNE\",\"potentialAction\":[{\"@type\":\"ReadAction\",\"target\":[\"https:\/\/www.montepalmbeach.com\/me\/pravna-obavjest\/\"]}]},{\"@type\":\"BreadcrumbList\",\"@id\":\"https:\/\/www.montepalmbeach.com\/me\/pravna-obavjest\/#breadcrumb\",\"itemListElement\":[{\"@type\":\"ListItem\",\"position\":1,\"name\":\"Home\",\"item\":\"https:\/\/www.montepalmbeach.com\/me\/\"},{\"@type\":\"ListItem\",\"position\":2,\"name\":\"Pravna obavjest\"}]},{\"@type\":\"WebSite\",\"@id\":\"https:\/\/www.montepalmbeach.com\/me\/#website\",\"url\":\"https:\/\/www.montepalmbeach.com\/me\/\",\"name\":\"Monte Palm Beach Hotel Resort & SPA\",\"description\":\"\",\"publisher\":{\"@id\":\"https:\/\/www.montepalmbeach.com\/me\/#organization\"},\"alternateName\":\"Monte Palm Beach Hotel\",\"potentialAction\":[{\"@type\":\"SearchAction\",\"target\":{\"@type\":\"EntryPoint\",\"urlTemplate\":\"https:\/\/www.montepalmbeach.com\/me\/?s={search_term_string}\"},\"query-input\":\"required name=search_term_string\"}],\"inLanguage\":\"me-MNE\"},{\"@type\":\"Organization\",\"@id\":\"https:\/\/www.montepalmbeach.com\/me\/#organization\",\"name\":\"Monte Palm Beach Hotel Resort & SPA\",\"url\":\"https:\/\/www.montepalmbeach.com\/me\/\",\"logo\":{\"@type\":\"ImageObject\",\"inLanguage\":\"me-MNE\",\"@id\":\"https:\/\/www.montepalmbeach.com\/me\/#\/schema\/logo\/image\/\",\"url\":\"https:\/\/www.montepalmbeach.com\/wp-content\/uploads\/sites\/230\/2025\/04\/MONTE-Palm-Beach-logo.png\",\"contentUrl\":\"https:\/\/www.montepalmbeach.com\/wp-content\/uploads\/sites\/230\/2025\/04\/MONTE-Palm-Beach-logo.png\",\"width\":1100,\"height\":1011,\"caption\":\"Monte Palm Beach Hotel Resort & SPA\"},\"image\":{\"@id\":\"https:\/\/www.montepalmbeach.com\/me\/#\/schema\/logo\/image\/\"},\"sameAs\":[\"https:\/\/www.facebook.com\/montepalmbeach\",\"https:\/\/www.linkedin.com\/company\/monte-palm-beach\",\"https:\/\/www.instagram.com\/montepalmbeach\/\"]}]}<\/script>\n<!-- \/ Yoast SEO plugin. -->","yoast_head_json":{"title":"Pravna obavjest ~ Monte Palm Beach ~","description":"Naziv kompanije: Adriatic Catering d.o.o. Registrovana adresa: Seljanovo bb, Tivat PIB: 02971917 PDV broj: 91\/31-01139-0  Kontrolor podataka: Adriatic Catering d.o.o. je kontrolor li\u010dnih podataka prikupljenih putem ovog sajta","robots":{"index":"index","follow":"follow","max-snippet":"max-snippet:-1","max-image-preview":"max-image-preview:large","max-video-preview":"max-video-preview:-1"},"canonical":"https:\/\/www.montepalmbeach.com\/me\/pravna-obavjest\/","og_locale":"en_US","og_type":"article","og_title":"Pravna obavjest ~ Monte Palm Beach ~","og_description":"Naziv kompanije: Adriatic Catering d.o.o. Registrovana adresa: Seljanovo bb, Tivat PIB: 02971917 PDV broj: 91\/31-01139-0  Kontrolor podataka: Adriatic Catering d.o.o. je kontrolor li\u010dnih podataka prikupljenih putem ovog sajta","og_url":"https:\/\/www.montepalmbeach.com\/me\/pravna-obavjest\/","og_site_name":"Monte Palm Beach","article_publisher":"https:\/\/www.facebook.com\/montepalmbeach","article_modified_time":"2025-05-19T09:25:38+00:00","og_image":[{"width":2200,"height":1406,"url":"https:\/\/www.montepalmbeach.com\/wp-content\/uploads\/sites\/230\/2025\/04\/hotel-Monte-Palm-Beach-4.jpg","type":"image\/jpeg"}],"twitter_card":"summary_large_image","twitter_misc":{"Est. reading time":"2 minutes"},"schema":{"@context":"https:\/\/schema.org","@graph":[{"@type":"WebPage","@id":"https:\/\/www.montepalmbeach.com\/me\/pravna-obavjest\/","url":"https:\/\/www.montepalmbeach.com\/me\/pravna-obavjest\/","name":"Pravna obavjest ~ Monte Palm Beach ~","isPartOf":{"@id":"https:\/\/www.montepalmbeach.com\/me\/#website"},"datePublished":"2025-04-16T15:13:23+00:00","dateModified":"2025-05-19T09:25:38+00:00","description":"Naziv kompanije: Adriatic Catering d.o.o. Registrovana adresa: Seljanovo bb, Tivat PIB: 02971917 PDV broj: 91\/31-01139-0 Kontrolor podataka: Adriatic Catering d.o.o. je kontrolor li\u010dnih podataka prikupljenih putem ovog sajta","breadcrumb":{"@id":"https:\/\/www.montepalmbeach.com\/me\/pravna-obavjest\/#breadcrumb"},"inLanguage":"me-MNE","potentialAction":[{"@type":"ReadAction","target":["https:\/\/www.montepalmbeach.com\/me\/pravna-obavjest\/"]}]},{"@type":"BreadcrumbList","@id":"https:\/\/www.montepalmbeach.com\/me\/pravna-obavjest\/#breadcrumb","itemListElement":[{"@type":"ListItem","position":1,"name":"Home","item":"https:\/\/www.montepalmbeach.com\/me\/"},{"@type":"ListItem","position":2,"name":"Pravna obavjest"}]},{"@type":"WebSite","@id":"https:\/\/www.montepalmbeach.com\/me\/#website","url":"https:\/\/www.montepalmbeach.com\/me\/","name":"Monte Palm Beach Hotel Resort & SPA","description":"","publisher":{"@id":"https:\/\/www.montepalmbeach.com\/me\/#organization"},"alternateName":"Monte Palm Beach Hotel","potentialAction":[{"@type":"SearchAction","target":{"@type":"EntryPoint","urlTemplate":"https:\/\/www.montepalmbeach.com\/me\/?s={search_term_string}"},"query-input":"required name=search_term_string"}],"inLanguage":"me-MNE"},{"@type":"Organization","@id":"https:\/\/www.montepalmbeach.com\/me\/#organization","name":"Monte Palm Beach Hotel Resort & SPA","url":"https:\/\/www.montepalmbeach.com\/me\/","logo":{"@type":"ImageObject","inLanguage":"me-MNE","@id":"https:\/\/www.montepalmbeach.com\/me\/#\/schema\/logo\/image\/","url":"https:\/\/www.montepalmbeach.com\/wp-content\/uploads\/sites\/230\/2025\/04\/MONTE-Palm-Beach-logo.png","contentUrl":"https:\/\/www.montepalmbeach.com\/wp-content\/uploads\/sites\/230\/2025\/04\/MONTE-Palm-Beach-logo.png","width":1100,"height":1011,"caption":"Monte Palm Beach Hotel Resort & SPA"},"image":{"@id":"https:\/\/www.montepalmbeach.com\/me\/#\/schema\/logo\/image\/"},"sameAs":["https:\/\/www.facebook.com\/montepalmbeach","https:\/\/www.linkedin.com\/company\/monte-palm-beach","https:\/\/www.instagram.com\/montepalmbeach\/"]}]}},"acf":[],"_links":{"self":[{"href":"https:\/\/www.montepalmbeach.com\/me\/wp-json\/wp\/v2\/pages\/192"}],"collection":[{"href":"https:\/\/www.montepalmbeach.com\/me\/wp-json\/wp\/v2\/pages"}],"about":[{"href":"https:\/\/www.montepalmbeach.com\/me\/wp-json\/wp\/v2\/types\/page"}],"author":[{"embeddable":true,"href":"https:\/\/www.montepalmbeach.com\/me\/wp-json\/wp\/v2\/users\/8"}],"replies":[{"embeddable":true,"href":"https:\/\/www.montepalmbeach.com\/me\/wp-json\/wp\/v2\/comments?post=192"}],"version-history":[{"count":0,"href":"https:\/\/www.montepalmbeach.com\/me\/wp-json\/wp\/v2\/pages\/192\/revisions"}],"wp:attachment":[{"href":"https:\/\/www.montepalmbeach.com\/me\/wp-json\/wp\/v2\/media?parent=192"}],"curies":[{"name":"wp","href":"https:\/\/api.w.org\/{rel}","templated":true}]}}