{"id":212,"date":"2025-04-22T15:12:50","date_gmt":"2025-04-22T15:12:50","guid":{"rendered":"https:\/\/montepalm-beach.ms2.decms.eu\/?page_id=212"},"modified":"2025-04-23T07:48:31","modified_gmt":"2025-04-23T07:48:31","slug":"health-center","status":"publish","type":"page","link":"https:\/\/www.montepalmbeach.com\/me\/health-center\/","title":{"rendered":"Health Center"},"content":{"rendered":"<p>Mosaic of Health je holisti\u010dki wellness do\u017eivljaj koji je osmi\u0161ljen da obnovi va\u0161 um, telo i duh. Pru\u017ea savr\u0161en spoj fizi\u010dke aktivnosti, opu\u0161tanja i terapeutskih tretmana, stvaraju\u0107i prostor u kojem mo\u017eete da se regeneri\u0161ete, povratite ravnote\u017eu i otkrijete svoju unutra\u0161nju snagu.<\/p>\n","protected":false},"excerpt":{"rendered":"<p>Mosaic of Health je holisti\u010dki wellness do\u017eivljaj koji je osmi\u0161ljen da obnovi va\u0161 um, telo i duh. Pru\u017ea savr\u0161en spoj fizi\u010dke aktivnosti, opu\u0161tanja i terapeutskih tretmana, stvaraju\u0107i prostor u kojem mo\u017eete da se regeneri\u0161ete, povratite ravnote\u017eu i otkrijete svoju unutra\u0161nju snagu.<\/p>\n","protected":false},"author":8,"featured_media":0,"parent":0,"menu_order":51,"comment_status":"closed","ping_status":"closed","template":"template-default-4.php","meta":{"footnotes":""},"yoast_head":"<!-- This site is optimized with the Yoast SEO plugin v22.3 - https:\/\/yoast.com\/wordpress\/plugins\/seo\/ -->\n<title>Health Center ~ Monte Palm Beach ~<\/title>\n<meta name=\"description\" content=\"Mosaic of Health je holisti\u010dki wellness do\u017eivljaj koji je osmi\u0161ljen da obnovi va\u0161 um, telo i duh. Pru\u017ea savr\u0161en spoj fizi\u010dke aktivnosti, opu\u0161tanja i terapeutskih tretmana, stvaraju\u0107i prostor u kojem mo\u017eete da se regeneri\u0161ete, povratite ravnote\u017eu i otkrijete svoju unutra\u0161nju snagu.\" \/>\n<meta name=\"robots\" content=\"index, follow, max-snippet:-1, max-image-preview:large, max-video-preview:-1\" \/>\n<link rel=\"canonical\" href=\"https:\/\/www.montepalmbeach.com\/me\/health-center\/\" \/>\n<meta property=\"og:locale\" content=\"en_US\" \/>\n<meta property=\"og:type\" content=\"article\" \/>\n<meta property=\"og:title\" content=\"Health Center ~ Monte Palm Beach ~\" \/>\n<meta property=\"og:description\" content=\"Mosaic of Health je holisti\u010dki wellness do\u017eivljaj koji je osmi\u0161ljen da obnovi va\u0161 um, telo i duh. Pru\u017ea savr\u0161en spoj fizi\u010dke aktivnosti, opu\u0161tanja i terapeutskih tretmana, stvaraju\u0107i prostor u kojem mo\u017eete da se regeneri\u0161ete, povratite ravnote\u017eu i otkrijete svoju unutra\u0161nju snagu.\" \/>\n<meta property=\"og:url\" content=\"https:\/\/www.montepalmbeach.com\/me\/health-center\/\" \/>\n<meta property=\"og:site_name\" content=\"Monte Palm Beach\" \/>\n<meta property=\"article:publisher\" content=\"https:\/\/www.facebook.com\/montepalmbeach\" \/>\n<meta property=\"article:modified_time\" content=\"2025-04-23T07:48:31+00:00\" \/>\n<meta property=\"og:image\" content=\"https:\/\/www.montepalmbeach.com\/wp-content\/uploads\/sites\/230\/2025\/04\/hotel-Monte-Palm-Beach-4.jpg\" \/>\n\t<meta property=\"og:image:width\" content=\"2200\" \/>\n\t<meta property=\"og:image:height\" content=\"1406\" \/>\n\t<meta property=\"og:image:type\" content=\"image\/jpeg\" \/>\n<meta name=\"twitter:card\" content=\"summary_large_image\" \/>\n<meta name=\"twitter:label1\" content=\"Est. reading time\" \/>\n\t<meta name=\"twitter:data1\" content=\"1 minute\" \/>\n<script type=\"application\/ld+json\" class=\"yoast-schema-graph\">{\"@context\":\"https:\/\/schema.org\",\"@graph\":[{\"@type\":\"WebPage\",\"@id\":\"https:\/\/www.montepalmbeach.com\/me\/health-center\/\",\"url\":\"https:\/\/www.montepalmbeach.com\/me\/health-center\/\",\"name\":\"Health Center ~ Monte Palm Beach ~\",\"isPartOf\":{\"@id\":\"https:\/\/www.montepalmbeach.com\/me\/#website\"},\"datePublished\":\"2025-04-22T15:12:50+00:00\",\"dateModified\":\"2025-04-23T07:48:31+00:00\",\"description\":\"Mosaic of Health je holisti\u010dki wellness do\u017eivljaj koji je osmi\u0161ljen da obnovi va\u0161 um, telo i duh. Pru\u017ea savr\u0161en spoj fizi\u010dke aktivnosti, opu\u0161tanja i terapeutskih tretmana, stvaraju\u0107i prostor u kojem mo\u017eete da se regeneri\u0161ete, povratite ravnote\u017eu i otkrijete svoju unutra\u0161nju snagu.\",\"breadcrumb\":{\"@id\":\"https:\/\/www.montepalmbeach.com\/me\/health-center\/#breadcrumb\"},\"inLanguage\":\"me-MNE\",\"potentialAction\":[{\"@type\":\"ReadAction\",\"target\":[\"https:\/\/www.montepalmbeach.com\/me\/health-center\/\"]}]},{\"@type\":\"BreadcrumbList\",\"@id\":\"https:\/\/www.montepalmbeach.com\/me\/health-center\/#breadcrumb\",\"itemListElement\":[{\"@type\":\"ListItem\",\"position\":1,\"name\":\"Home\",\"item\":\"https:\/\/www.montepalmbeach.com\/me\/\"},{\"@type\":\"ListItem\",\"position\":2,\"name\":\"Health Center\"}]},{\"@type\":\"WebSite\",\"@id\":\"https:\/\/www.montepalmbeach.com\/me\/#website\",\"url\":\"https:\/\/www.montepalmbeach.com\/me\/\",\"name\":\"Monte Palm Beach Hotel Resort & SPA\",\"description\":\"\",\"publisher\":{\"@id\":\"https:\/\/www.montepalmbeach.com\/me\/#organization\"},\"alternateName\":\"Monte Palm Beach Hotel\",\"potentialAction\":[{\"@type\":\"SearchAction\",\"target\":{\"@type\":\"EntryPoint\",\"urlTemplate\":\"https:\/\/www.montepalmbeach.com\/me\/?s={search_term_string}\"},\"query-input\":\"required name=search_term_string\"}],\"inLanguage\":\"me-MNE\"},{\"@type\":\"Organization\",\"@id\":\"https:\/\/www.montepalmbeach.com\/me\/#organization\",\"name\":\"Monte Palm Beach Hotel Resort & SPA\",\"url\":\"https:\/\/www.montepalmbeach.com\/me\/\",\"logo\":{\"@type\":\"ImageObject\",\"inLanguage\":\"me-MNE\",\"@id\":\"https:\/\/www.montepalmbeach.com\/me\/#\/schema\/logo\/image\/\",\"url\":\"https:\/\/www.montepalmbeach.com\/wp-content\/uploads\/sites\/230\/2025\/04\/MONTE-Palm-Beach-logo.png\",\"contentUrl\":\"https:\/\/www.montepalmbeach.com\/wp-content\/uploads\/sites\/230\/2025\/04\/MONTE-Palm-Beach-logo.png\",\"width\":1100,\"height\":1011,\"caption\":\"Monte Palm Beach Hotel Resort & SPA\"},\"image\":{\"@id\":\"https:\/\/www.montepalmbeach.com\/me\/#\/schema\/logo\/image\/\"},\"sameAs\":[\"https:\/\/www.facebook.com\/montepalmbeach\",\"https:\/\/www.linkedin.com\/company\/monte-palm-beach\",\"https:\/\/www.instagram.com\/montepalmbeach\/\"]}]}<\/script>\n<!-- \/ Yoast SEO plugin. -->","yoast_head_json":{"title":"Health Center ~ Monte Palm Beach ~","description":"Mosaic of Health je holisti\u010dki wellness do\u017eivljaj koji je osmi\u0161ljen da obnovi va\u0161 um, telo i duh. Pru\u017ea savr\u0161en spoj fizi\u010dke aktivnosti, opu\u0161tanja i terapeutskih tretmana, stvaraju\u0107i prostor u kojem mo\u017eete da se regeneri\u0161ete, povratite ravnote\u017eu i otkrijete svoju unutra\u0161nju snagu.","robots":{"index":"index","follow":"follow","max-snippet":"max-snippet:-1","max-image-preview":"max-image-preview:large","max-video-preview":"max-video-preview:-1"},"canonical":"https:\/\/www.montepalmbeach.com\/me\/health-center\/","og_locale":"en_US","og_type":"article","og_title":"Health Center ~ Monte Palm Beach ~","og_description":"Mosaic of Health je holisti\u010dki wellness do\u017eivljaj koji je osmi\u0161ljen da obnovi va\u0161 um, telo i duh. Pru\u017ea savr\u0161en spoj fizi\u010dke aktivnosti, opu\u0161tanja i terapeutskih tretmana, stvaraju\u0107i prostor u kojem mo\u017eete da se regeneri\u0161ete, povratite ravnote\u017eu i otkrijete svoju unutra\u0161nju snagu.","og_url":"https:\/\/www.montepalmbeach.com\/me\/health-center\/","og_site_name":"Monte Palm Beach","article_publisher":"https:\/\/www.facebook.com\/montepalmbeach","article_modified_time":"2025-04-23T07:48:31+00:00","og_image":[{"width":2200,"height":1406,"url":"https:\/\/www.montepalmbeach.com\/wp-content\/uploads\/sites\/230\/2025\/04\/hotel-Monte-Palm-Beach-4.jpg","type":"image\/jpeg"}],"twitter_card":"summary_large_image","twitter_misc":{"Est. reading time":"1 minute"},"schema":{"@context":"https:\/\/schema.org","@graph":[{"@type":"WebPage","@id":"https:\/\/www.montepalmbeach.com\/me\/health-center\/","url":"https:\/\/www.montepalmbeach.com\/me\/health-center\/","name":"Health Center ~ Monte Palm Beach ~","isPartOf":{"@id":"https:\/\/www.montepalmbeach.com\/me\/#website"},"datePublished":"2025-04-22T15:12:50+00:00","dateModified":"2025-04-23T07:48:31+00:00","description":"Mosaic of Health je holisti\u010dki wellness do\u017eivljaj koji je osmi\u0161ljen da obnovi va\u0161 um, telo i duh. Pru\u017ea savr\u0161en spoj fizi\u010dke aktivnosti, opu\u0161tanja i terapeutskih tretmana, stvaraju\u0107i prostor u kojem mo\u017eete da se regeneri\u0161ete, povratite ravnote\u017eu i otkrijete svoju unutra\u0161nju snagu.","breadcrumb":{"@id":"https:\/\/www.montepalmbeach.com\/me\/health-center\/#breadcrumb"},"inLanguage":"me-MNE","potentialAction":[{"@type":"ReadAction","target":["https:\/\/www.montepalmbeach.com\/me\/health-center\/"]}]},{"@type":"BreadcrumbList","@id":"https:\/\/www.montepalmbeach.com\/me\/health-center\/#breadcrumb","itemListElement":[{"@type":"ListItem","position":1,"name":"Home","item":"https:\/\/www.montepalmbeach.com\/me\/"},{"@type":"ListItem","position":2,"name":"Health Center"}]},{"@type":"WebSite","@id":"https:\/\/www.montepalmbeach.com\/me\/#website","url":"https:\/\/www.montepalmbeach.com\/me\/","name":"Monte Palm Beach Hotel Resort & SPA","description":"","publisher":{"@id":"https:\/\/www.montepalmbeach.com\/me\/#organization"},"alternateName":"Monte Palm Beach Hotel","potentialAction":[{"@type":"SearchAction","target":{"@type":"EntryPoint","urlTemplate":"https:\/\/www.montepalmbeach.com\/me\/?s={search_term_string}"},"query-input":"required name=search_term_string"}],"inLanguage":"me-MNE"},{"@type":"Organization","@id":"https:\/\/www.montepalmbeach.com\/me\/#organization","name":"Monte Palm Beach Hotel Resort & SPA","url":"https:\/\/www.montepalmbeach.com\/me\/","logo":{"@type":"ImageObject","inLanguage":"me-MNE","@id":"https:\/\/www.montepalmbeach.com\/me\/#\/schema\/logo\/image\/","url":"https:\/\/www.montepalmbeach.com\/wp-content\/uploads\/sites\/230\/2025\/04\/MONTE-Palm-Beach-logo.png","contentUrl":"https:\/\/www.montepalmbeach.com\/wp-content\/uploads\/sites\/230\/2025\/04\/MONTE-Palm-Beach-logo.png","width":1100,"height":1011,"caption":"Monte Palm Beach Hotel Resort & SPA"},"image":{"@id":"https:\/\/www.montepalmbeach.com\/me\/#\/schema\/logo\/image\/"},"sameAs":["https:\/\/www.facebook.com\/montepalmbeach","https:\/\/www.linkedin.com\/company\/monte-palm-beach","https:\/\/www.instagram.com\/montepalmbeach\/"]}]}},"acf":[],"_links":{"self":[{"href":"https:\/\/www.montepalmbeach.com\/me\/wp-json\/wp\/v2\/pages\/212"}],"collection":[{"href":"https:\/\/www.montepalmbeach.com\/me\/wp-json\/wp\/v2\/pages"}],"about":[{"href":"https:\/\/www.montepalmbeach.com\/me\/wp-json\/wp\/v2\/types\/page"}],"author":[{"embeddable":true,"href":"https:\/\/www.montepalmbeach.com\/me\/wp-json\/wp\/v2\/users\/8"}],"replies":[{"embeddable":true,"href":"https:\/\/www.montepalmbeach.com\/me\/wp-json\/wp\/v2\/comments?post=212"}],"version-history":[{"count":0,"href":"https:\/\/www.montepalmbeach.com\/me\/wp-json\/wp\/v2\/pages\/212\/revisions"}],"wp:attachment":[{"href":"https:\/\/www.montepalmbeach.com\/me\/wp-json\/wp\/v2\/media?parent=212"}],"curies":[{"name":"wp","href":"https:\/\/api.w.org\/{rel}","templated":true}]}}