{"id":39,"date":"2025-04-09T14:14:48","date_gmt":"2025-04-09T14:14:48","guid":{"rendered":"https:\/\/montepalm-beach.ms2.decms.eu\/?page_id=39"},"modified":"2025-04-09T14:53:37","modified_gmt":"2025-04-09T14:53:37","slug":"superior-soba-sa-dakuzijem","status":"publish","type":"page","link":"https:\/\/www.montepalmbeach.com\/me\/sobe-apartmani\/superior-soba-sa-dakuzijem\/","title":{"rendered":"Superior soba sa \u0111akuzijem"},"content":{"rendered":"<p>Savr\u0161ena za romanti\u010dni beg u Crnoj Gori, na\u0161a Superior soba sa \u0111akuzijem nudi savr\u0161en spoj luksuza i udobnosti.<\/p>\n<p>Pa\u017eljivo dizajnirana za zahtevne putnike, ova prostrana uto\u010di\u0161ta sadr\u017ee udoban king-size krevet, elegantno kupatilo od mermera sa podnim grejanjem i sun\u010danu zonu za sedenje.<\/p>\n<p>Zakora\u010dite u svoj privatni vrt, gde vas spolja\u0161nji \u0111akuzij i tu\u0161 pozivaju da se prepustite potpunom opu\u0161tanju, okru\u017eeni spokojem.<\/p>\n","protected":false},"excerpt":{"rendered":"<p>Savr\u0161ena za romanti\u010dni beg u Crnoj Gori, na\u0161a Superior soba sa \u0111akuzijem nudi savr\u0161en spoj luksuza i udobnosti. Pa\u017eljivo dizajnirana za zahtevne putnike, ova prostrana uto\u010di\u0161ta sadr\u017ee udoban king-size krevet, elegantno kupatilo od mermera sa podnim grejanjem i sun\u010danu zonu za sedenje. Zakora\u010dite u svoj privatni vrt, gde vas spolja\u0161nji \u0111akuzij i tu\u0161 pozivaju da [&hellip;]<\/p>\n","protected":false},"author":8,"featured_media":0,"parent":19,"menu_order":5,"comment_status":"closed","ping_status":"closed","template":"template-single-room.php","meta":{"footnotes":""},"yoast_head":"<!-- This site is optimized with the Yoast SEO plugin v22.3 - https:\/\/yoast.com\/wordpress\/plugins\/seo\/ -->\n<title>Superior soba sa \u0111akuzijem ~ Monte Palm Beach ~<\/title>\n<meta name=\"description\" content=\"Savr\u0161ena za romanti\u010dni beg u Crnoj Gori, na\u0161a Superior soba sa \u0111akuzijem nudi savr\u0161en spoj luksuza i udobnosti.  Pa\u017eljivo dizajnirana za zahtevne putnike, ova prostrana uto\u010di\u0161ta sadr\u017ee udoban king-size krevet, elegantno kupatilo od mermera sa podnim grejanjem i sun\u010danu zonu za sedenje.  Zakora\u010dite u svoj privatni vrt, gde vas spolja\u0161nji \u0111akuzij i tu\u0161 pozivaju da se prepustite potpunom opu\u0161tanju, okru\u017eeni spokojem..\" \/>\n<meta name=\"robots\" content=\"index, follow, max-snippet:-1, max-image-preview:large, max-video-preview:-1\" \/>\n<link rel=\"canonical\" href=\"https:\/\/www.montepalmbeach.com\/me\/sobe-apartmani\/superior-soba-sa-dakuzijem\/\" \/>\n<meta property=\"og:locale\" content=\"en_US\" \/>\n<meta property=\"og:type\" content=\"article\" \/>\n<meta property=\"og:title\" content=\"Superior soba sa \u0111akuzijem ~ Monte Palm Beach ~\" \/>\n<meta property=\"og:description\" content=\"Savr\u0161ena za romanti\u010dni beg u Crnoj Gori, na\u0161a Superior soba sa \u0111akuzijem nudi savr\u0161en spoj luksuza i udobnosti.  Pa\u017eljivo dizajnirana za zahtevne putnike, ova prostrana uto\u010di\u0161ta sadr\u017ee udoban king-size krevet, elegantno kupatilo od mermera sa podnim grejanjem i sun\u010danu zonu za sedenje.  Zakora\u010dite u svoj privatni vrt, gde vas spolja\u0161nji \u0111akuzij i tu\u0161 pozivaju da se prepustite potpunom opu\u0161tanju, okru\u017eeni spokojem..\" \/>\n<meta property=\"og:url\" content=\"https:\/\/www.montepalmbeach.com\/me\/sobe-apartmani\/superior-soba-sa-dakuzijem\/\" \/>\n<meta property=\"og:site_name\" content=\"Monte Palm Beach\" \/>\n<meta property=\"article:publisher\" content=\"https:\/\/www.facebook.com\/montepalmbeach\" \/>\n<meta property=\"article:modified_time\" content=\"2025-04-09T14:53:37+00:00\" \/>\n<meta property=\"og:image\" content=\"https:\/\/www.montepalmbeach.com\/wp-content\/uploads\/sites\/230\/2025\/04\/hotel-Monte-Palm-Beach-4.jpg\" \/>\n\t<meta property=\"og:image:width\" content=\"2200\" \/>\n\t<meta property=\"og:image:height\" content=\"1406\" \/>\n\t<meta property=\"og:image:type\" content=\"image\/jpeg\" \/>\n<meta name=\"twitter:card\" content=\"summary_large_image\" \/>\n<meta name=\"twitter:label1\" content=\"Est. reading time\" \/>\n\t<meta name=\"twitter:data1\" content=\"1 minute\" \/>\n<script type=\"application\/ld+json\" class=\"yoast-schema-graph\">{\"@context\":\"https:\/\/schema.org\",\"@graph\":[{\"@type\":\"WebPage\",\"@id\":\"https:\/\/www.montepalmbeach.com\/me\/sobe-apartmani\/superior-soba-sa-dakuzijem\/\",\"url\":\"https:\/\/www.montepalmbeach.com\/me\/sobe-apartmani\/superior-soba-sa-dakuzijem\/\",\"name\":\"Superior soba sa \u0111akuzijem ~ Monte Palm Beach ~\",\"isPartOf\":{\"@id\":\"https:\/\/www.montepalmbeach.com\/me\/#website\"},\"datePublished\":\"2025-04-09T14:14:48+00:00\",\"dateModified\":\"2025-04-09T14:53:37+00:00\",\"description\":\"Savr\u0161ena za romanti\u010dni beg u Crnoj Gori, na\u0161a Superior soba sa \u0111akuzijem nudi savr\u0161en spoj luksuza i udobnosti. Pa\u017eljivo dizajnirana za zahtevne putnike, ova prostrana uto\u010di\u0161ta sadr\u017ee udoban king-size krevet, elegantno kupatilo od mermera sa podnim grejanjem i sun\u010danu zonu za sedenje. Zakora\u010dite u svoj privatni vrt, gde vas spolja\u0161nji \u0111akuzij i tu\u0161 pozivaju da se prepustite potpunom opu\u0161tanju, okru\u017eeni spokojem..\",\"breadcrumb\":{\"@id\":\"https:\/\/www.montepalmbeach.com\/me\/sobe-apartmani\/superior-soba-sa-dakuzijem\/#breadcrumb\"},\"inLanguage\":\"me-MNE\",\"potentialAction\":[{\"@type\":\"ReadAction\",\"target\":[\"https:\/\/www.montepalmbeach.com\/me\/sobe-apartmani\/superior-soba-sa-dakuzijem\/\"]}]},{\"@type\":\"BreadcrumbList\",\"@id\":\"https:\/\/www.montepalmbeach.com\/me\/sobe-apartmani\/superior-soba-sa-dakuzijem\/#breadcrumb\",\"itemListElement\":[{\"@type\":\"ListItem\",\"position\":1,\"name\":\"Home\",\"item\":\"https:\/\/www.montepalmbeach.com\/me\/\"},{\"@type\":\"ListItem\",\"position\":2,\"name\":\"Sobe &#038; Apartmani\",\"item\":\"https:\/\/www.montepalmbeach.com\/me\/rooms-suites\/\"},{\"@type\":\"ListItem\",\"position\":3,\"name\":\"Superior soba sa \u0111akuzijem\"}]},{\"@type\":\"WebSite\",\"@id\":\"https:\/\/www.montepalmbeach.com\/me\/#website\",\"url\":\"https:\/\/www.montepalmbeach.com\/me\/\",\"name\":\"Monte Palm Beach Hotel Resort & SPA\",\"description\":\"\",\"publisher\":{\"@id\":\"https:\/\/www.montepalmbeach.com\/me\/#organization\"},\"alternateName\":\"Monte Palm Beach Hotel\",\"potentialAction\":[{\"@type\":\"SearchAction\",\"target\":{\"@type\":\"EntryPoint\",\"urlTemplate\":\"https:\/\/www.montepalmbeach.com\/me\/?s={search_term_string}\"},\"query-input\":\"required name=search_term_string\"}],\"inLanguage\":\"me-MNE\"},{\"@type\":\"Organization\",\"@id\":\"https:\/\/www.montepalmbeach.com\/me\/#organization\",\"name\":\"Monte Palm Beach Hotel Resort & SPA\",\"url\":\"https:\/\/www.montepalmbeach.com\/me\/\",\"logo\":{\"@type\":\"ImageObject\",\"inLanguage\":\"me-MNE\",\"@id\":\"https:\/\/www.montepalmbeach.com\/me\/#\/schema\/logo\/image\/\",\"url\":\"https:\/\/www.montepalmbeach.com\/wp-content\/uploads\/sites\/230\/2025\/04\/MONTE-Palm-Beach-logo.png\",\"contentUrl\":\"https:\/\/www.montepalmbeach.com\/wp-content\/uploads\/sites\/230\/2025\/04\/MONTE-Palm-Beach-logo.png\",\"width\":1100,\"height\":1011,\"caption\":\"Monte Palm Beach Hotel Resort & SPA\"},\"image\":{\"@id\":\"https:\/\/www.montepalmbeach.com\/me\/#\/schema\/logo\/image\/\"},\"sameAs\":[\"https:\/\/www.facebook.com\/montepalmbeach\",\"https:\/\/www.linkedin.com\/company\/monte-palm-beach\",\"https:\/\/www.instagram.com\/montepalmbeach\/\"]}]}<\/script>\n<!-- \/ Yoast SEO plugin. -->","yoast_head_json":{"title":"Superior soba sa \u0111akuzijem ~ Monte Palm Beach ~","description":"Savr\u0161ena za romanti\u010dni beg u Crnoj Gori, na\u0161a Superior soba sa \u0111akuzijem nudi savr\u0161en spoj luksuza i udobnosti.  Pa\u017eljivo dizajnirana za zahtevne putnike, ova prostrana uto\u010di\u0161ta sadr\u017ee udoban king-size krevet, elegantno kupatilo od mermera sa podnim grejanjem i sun\u010danu zonu za sedenje.  Zakora\u010dite u svoj privatni vrt, gde vas spolja\u0161nji \u0111akuzij i tu\u0161 pozivaju da se prepustite potpunom opu\u0161tanju, okru\u017eeni spokojem..","robots":{"index":"index","follow":"follow","max-snippet":"max-snippet:-1","max-image-preview":"max-image-preview:large","max-video-preview":"max-video-preview:-1"},"canonical":"https:\/\/www.montepalmbeach.com\/me\/sobe-apartmani\/superior-soba-sa-dakuzijem\/","og_locale":"en_US","og_type":"article","og_title":"Superior soba sa \u0111akuzijem ~ Monte Palm Beach ~","og_description":"Savr\u0161ena za romanti\u010dni beg u Crnoj Gori, na\u0161a Superior soba sa \u0111akuzijem nudi savr\u0161en spoj luksuza i udobnosti.  Pa\u017eljivo dizajnirana za zahtevne putnike, ova prostrana uto\u010di\u0161ta sadr\u017ee udoban king-size krevet, elegantno kupatilo od mermera sa podnim grejanjem i sun\u010danu zonu za sedenje.  Zakora\u010dite u svoj privatni vrt, gde vas spolja\u0161nji \u0111akuzij i tu\u0161 pozivaju da se prepustite potpunom opu\u0161tanju, okru\u017eeni spokojem..","og_url":"https:\/\/www.montepalmbeach.com\/me\/sobe-apartmani\/superior-soba-sa-dakuzijem\/","og_site_name":"Monte Palm Beach","article_publisher":"https:\/\/www.facebook.com\/montepalmbeach","article_modified_time":"2025-04-09T14:53:37+00:00","og_image":[{"width":2200,"height":1406,"url":"https:\/\/www.montepalmbeach.com\/wp-content\/uploads\/sites\/230\/2025\/04\/hotel-Monte-Palm-Beach-4.jpg","type":"image\/jpeg"}],"twitter_card":"summary_large_image","twitter_misc":{"Est. reading time":"1 minute"},"schema":{"@context":"https:\/\/schema.org","@graph":[{"@type":"WebPage","@id":"https:\/\/www.montepalmbeach.com\/me\/sobe-apartmani\/superior-soba-sa-dakuzijem\/","url":"https:\/\/www.montepalmbeach.com\/me\/sobe-apartmani\/superior-soba-sa-dakuzijem\/","name":"Superior soba sa \u0111akuzijem ~ Monte Palm Beach ~","isPartOf":{"@id":"https:\/\/www.montepalmbeach.com\/me\/#website"},"datePublished":"2025-04-09T14:14:48+00:00","dateModified":"2025-04-09T14:53:37+00:00","description":"Savr\u0161ena za romanti\u010dni beg u Crnoj Gori, na\u0161a Superior soba sa \u0111akuzijem nudi savr\u0161en spoj luksuza i udobnosti. Pa\u017eljivo dizajnirana za zahtevne putnike, ova prostrana uto\u010di\u0161ta sadr\u017ee udoban king-size krevet, elegantno kupatilo od mermera sa podnim grejanjem i sun\u010danu zonu za sedenje. Zakora\u010dite u svoj privatni vrt, gde vas spolja\u0161nji \u0111akuzij i tu\u0161 pozivaju da se prepustite potpunom opu\u0161tanju, okru\u017eeni spokojem..","breadcrumb":{"@id":"https:\/\/www.montepalmbeach.com\/me\/sobe-apartmani\/superior-soba-sa-dakuzijem\/#breadcrumb"},"inLanguage":"me-MNE","potentialAction":[{"@type":"ReadAction","target":["https:\/\/www.montepalmbeach.com\/me\/sobe-apartmani\/superior-soba-sa-dakuzijem\/"]}]},{"@type":"BreadcrumbList","@id":"https:\/\/www.montepalmbeach.com\/me\/sobe-apartmani\/superior-soba-sa-dakuzijem\/#breadcrumb","itemListElement":[{"@type":"ListItem","position":1,"name":"Home","item":"https:\/\/www.montepalmbeach.com\/me\/"},{"@type":"ListItem","position":2,"name":"Sobe &#038; Apartmani","item":"https:\/\/www.montepalmbeach.com\/me\/rooms-suites\/"},{"@type":"ListItem","position":3,"name":"Superior soba sa \u0111akuzijem"}]},{"@type":"WebSite","@id":"https:\/\/www.montepalmbeach.com\/me\/#website","url":"https:\/\/www.montepalmbeach.com\/me\/","name":"Monte Palm Beach Hotel Resort & SPA","description":"","publisher":{"@id":"https:\/\/www.montepalmbeach.com\/me\/#organization"},"alternateName":"Monte Palm Beach Hotel","potentialAction":[{"@type":"SearchAction","target":{"@type":"EntryPoint","urlTemplate":"https:\/\/www.montepalmbeach.com\/me\/?s={search_term_string}"},"query-input":"required name=search_term_string"}],"inLanguage":"me-MNE"},{"@type":"Organization","@id":"https:\/\/www.montepalmbeach.com\/me\/#organization","name":"Monte Palm Beach Hotel Resort & SPA","url":"https:\/\/www.montepalmbeach.com\/me\/","logo":{"@type":"ImageObject","inLanguage":"me-MNE","@id":"https:\/\/www.montepalmbeach.com\/me\/#\/schema\/logo\/image\/","url":"https:\/\/www.montepalmbeach.com\/wp-content\/uploads\/sites\/230\/2025\/04\/MONTE-Palm-Beach-logo.png","contentUrl":"https:\/\/www.montepalmbeach.com\/wp-content\/uploads\/sites\/230\/2025\/04\/MONTE-Palm-Beach-logo.png","width":1100,"height":1011,"caption":"Monte Palm Beach Hotel Resort & SPA"},"image":{"@id":"https:\/\/www.montepalmbeach.com\/me\/#\/schema\/logo\/image\/"},"sameAs":["https:\/\/www.facebook.com\/montepalmbeach","https:\/\/www.linkedin.com\/company\/monte-palm-beach","https:\/\/www.instagram.com\/montepalmbeach\/"]}]}},"acf":[],"_links":{"self":[{"href":"https:\/\/www.montepalmbeach.com\/me\/wp-json\/wp\/v2\/pages\/39"}],"collection":[{"href":"https:\/\/www.montepalmbeach.com\/me\/wp-json\/wp\/v2\/pages"}],"about":[{"href":"https:\/\/www.montepalmbeach.com\/me\/wp-json\/wp\/v2\/types\/page"}],"author":[{"embeddable":true,"href":"https:\/\/www.montepalmbeach.com\/me\/wp-json\/wp\/v2\/users\/8"}],"replies":[{"embeddable":true,"href":"https:\/\/www.montepalmbeach.com\/me\/wp-json\/wp\/v2\/comments?post=39"}],"version-history":[{"count":0,"href":"https:\/\/www.montepalmbeach.com\/me\/wp-json\/wp\/v2\/pages\/39\/revisions"}],"up":[{"embeddable":true,"href":"https:\/\/www.montepalmbeach.com\/me\/wp-json\/wp\/v2\/pages\/19"}],"wp:attachment":[{"href":"https:\/\/www.montepalmbeach.com\/me\/wp-json\/wp\/v2\/media?parent=39"}],"curies":[{"name":"wp","href":"https:\/\/api.w.org\/{rel}","templated":true}]}}