{"id":86,"date":"2025-04-10T13:39:49","date_gmt":"2025-04-10T13:39:49","guid":{"rendered":"https:\/\/montepalm-beach.ms2.decms.eu\/?page_id=86"},"modified":"2025-04-22T10:47:02","modified_gmt":"2025-04-22T10:47:02","slug":"restorani","status":"publish","type":"page","link":"https:\/\/www.montepalmbeach.com\/me\/restorani\/","title":{"rendered":"Restorani"},"content":{"rendered":"<p>Na\u0161 brod \u0107e vas povesti do restorana, gde \u0107ete imati priliku da u\u017eivate u ukusima svih na\u0161ih restorana.<\/p>\n<p>Prepustite se jedinstvenom do\u017eivljaju i u\u017eivajte u savr\u0161enoj kombinaciji hrane i ambijenta dok na\u0161 brod prevozi vas do svakog od na\u0161ih izuzetnih restorana.<\/p>\n<p>Svaki restoran nudi specifi\u010dne ukuse i kulinarske do\u017eivljaje koji \u0107e zadovoljiti i najzahtevnije gurmane.<\/p>\n<p>O\u010dekuje vas nezaboravna avantura kroz raznovrsne ukuse i atmosferu koja \u0107e vas o\u010darati.<\/p>\n","protected":false},"excerpt":{"rendered":"<p>Na\u0161 brod \u0107e vas povesti do restorana, gde \u0107ete imati priliku da u\u017eivate u ukusima svih na\u0161ih restorana. Prepustite se jedinstvenom do\u017eivljaju i u\u017eivajte u savr\u0161enoj kombinaciji hrane i ambijenta dok na\u0161 brod prevozi vas do svakog od na\u0161ih izuzetnih restorana. Svaki restoran nudi specifi\u010dne ukuse i kulinarske do\u017eivljaje koji \u0107e zadovoljiti i najzahtevnije gurmane. [&hellip;]<\/p>\n","protected":false},"author":8,"featured_media":0,"parent":0,"menu_order":10,"comment_status":"closed","ping_status":"closed","template":"template-single-restaurant.php","meta":{"footnotes":""},"yoast_head":"<!-- This site is optimized with the Yoast SEO plugin v22.3 - https:\/\/yoast.com\/wordpress\/plugins\/seo\/ -->\n<title>Restorani ~ Monte Palm Beach ~<\/title>\n<meta name=\"description\" content=\"Na\u0161 brod \u0107e vas povesti do restorana, gde \u0107ete imati priliku da u\u017eivate u ukusima svih na\u0161ih restorana.  Prepustite se jedinstvenom do\u017eivljaju i u\u017eivajte u savr\u0161enoj kombinaciji hrane i ambijenta dok na\u0161 brod prevozi vas do svakog od na\u0161ih izuzetnih restorana.  Svaki restoran nudi specifi\u010dne ukuse i kulinarske do\u017eivljaje koji \u0107e zadovoljiti i najzahtevnije gurmane.  O\u010dekuje vas nezaboravna avantura kroz raznovrsne ukuse i atmosferu koja \u0107e vas o\u010darati..\" \/>\n<meta name=\"robots\" content=\"index, follow, max-snippet:-1, max-image-preview:large, max-video-preview:-1\" \/>\n<link rel=\"canonical\" href=\"https:\/\/www.montepalmbeach.com\/me\/restorani\/\" \/>\n<meta property=\"og:locale\" content=\"en_US\" \/>\n<meta property=\"og:type\" content=\"article\" \/>\n<meta property=\"og:title\" content=\"Restorani ~ Monte Palm Beach ~\" \/>\n<meta property=\"og:description\" content=\"Na\u0161 brod \u0107e vas povesti do restorana, gde \u0107ete imati priliku da u\u017eivate u ukusima svih na\u0161ih restorana.  Prepustite se jedinstvenom do\u017eivljaju i u\u017eivajte u savr\u0161enoj kombinaciji hrane i ambijenta dok na\u0161 brod prevozi vas do svakog od na\u0161ih izuzetnih restorana.  Svaki restoran nudi specifi\u010dne ukuse i kulinarske do\u017eivljaje koji \u0107e zadovoljiti i najzahtevnije gurmane.  O\u010dekuje vas nezaboravna avantura kroz raznovrsne ukuse i atmosferu koja \u0107e vas o\u010darati..\" \/>\n<meta property=\"og:url\" content=\"https:\/\/www.montepalmbeach.com\/me\/restorani\/\" \/>\n<meta property=\"og:site_name\" content=\"Monte Palm Beach\" \/>\n<meta property=\"article:publisher\" content=\"https:\/\/www.facebook.com\/montepalmbeach\" \/>\n<meta property=\"article:modified_time\" content=\"2025-04-22T10:47:02+00:00\" \/>\n<meta property=\"og:image\" content=\"https:\/\/www.montepalmbeach.com\/wp-content\/uploads\/sites\/230\/2025\/04\/hotel-Monte-Palm-Beach-4.jpg\" \/>\n\t<meta property=\"og:image:width\" content=\"2200\" \/>\n\t<meta property=\"og:image:height\" content=\"1406\" \/>\n\t<meta property=\"og:image:type\" content=\"image\/jpeg\" \/>\n<meta name=\"twitter:card\" content=\"summary_large_image\" \/>\n<meta name=\"twitter:label1\" content=\"Est. reading time\" \/>\n\t<meta name=\"twitter:data1\" content=\"1 minute\" \/>\n<script type=\"application\/ld+json\" class=\"yoast-schema-graph\">{\"@context\":\"https:\/\/schema.org\",\"@graph\":[{\"@type\":\"WebPage\",\"@id\":\"https:\/\/www.montepalmbeach.com\/me\/restorani\/\",\"url\":\"https:\/\/www.montepalmbeach.com\/me\/restorani\/\",\"name\":\"Restorani ~ Monte Palm Beach ~\",\"isPartOf\":{\"@id\":\"https:\/\/www.montepalmbeach.com\/me\/#website\"},\"datePublished\":\"2025-04-10T13:39:49+00:00\",\"dateModified\":\"2025-04-22T10:47:02+00:00\",\"description\":\"Na\u0161 brod \u0107e vas povesti do restorana, gde \u0107ete imati priliku da u\u017eivate u ukusima svih na\u0161ih restorana. Prepustite se jedinstvenom do\u017eivljaju i u\u017eivajte u savr\u0161enoj kombinaciji hrane i ambijenta dok na\u0161 brod prevozi vas do svakog od na\u0161ih izuzetnih restorana. Svaki restoran nudi specifi\u010dne ukuse i kulinarske do\u017eivljaje koji \u0107e zadovoljiti i najzahtevnije gurmane. O\u010dekuje vas nezaboravna avantura kroz raznovrsne ukuse i atmosferu koja \u0107e vas o\u010darati..\",\"breadcrumb\":{\"@id\":\"https:\/\/www.montepalmbeach.com\/me\/restorani\/#breadcrumb\"},\"inLanguage\":\"me-MNE\",\"potentialAction\":[{\"@type\":\"ReadAction\",\"target\":[\"https:\/\/www.montepalmbeach.com\/me\/restorani\/\"]}]},{\"@type\":\"BreadcrumbList\",\"@id\":\"https:\/\/www.montepalmbeach.com\/me\/restorani\/#breadcrumb\",\"itemListElement\":[{\"@type\":\"ListItem\",\"position\":1,\"name\":\"Home\",\"item\":\"https:\/\/www.montepalmbeach.com\/me\/\"},{\"@type\":\"ListItem\",\"position\":2,\"name\":\"Restorani\"}]},{\"@type\":\"WebSite\",\"@id\":\"https:\/\/www.montepalmbeach.com\/me\/#website\",\"url\":\"https:\/\/www.montepalmbeach.com\/me\/\",\"name\":\"Monte Palm Beach Hotel Resort & SPA\",\"description\":\"\",\"publisher\":{\"@id\":\"https:\/\/www.montepalmbeach.com\/me\/#organization\"},\"alternateName\":\"Monte Palm Beach Hotel\",\"potentialAction\":[{\"@type\":\"SearchAction\",\"target\":{\"@type\":\"EntryPoint\",\"urlTemplate\":\"https:\/\/www.montepalmbeach.com\/me\/?s={search_term_string}\"},\"query-input\":\"required name=search_term_string\"}],\"inLanguage\":\"me-MNE\"},{\"@type\":\"Organization\",\"@id\":\"https:\/\/www.montepalmbeach.com\/me\/#organization\",\"name\":\"Monte Palm Beach Hotel Resort & SPA\",\"url\":\"https:\/\/www.montepalmbeach.com\/me\/\",\"logo\":{\"@type\":\"ImageObject\",\"inLanguage\":\"me-MNE\",\"@id\":\"https:\/\/www.montepalmbeach.com\/me\/#\/schema\/logo\/image\/\",\"url\":\"https:\/\/www.montepalmbeach.com\/wp-content\/uploads\/sites\/230\/2025\/04\/MONTE-Palm-Beach-logo.png\",\"contentUrl\":\"https:\/\/www.montepalmbeach.com\/wp-content\/uploads\/sites\/230\/2025\/04\/MONTE-Palm-Beach-logo.png\",\"width\":1100,\"height\":1011,\"caption\":\"Monte Palm Beach Hotel Resort & SPA\"},\"image\":{\"@id\":\"https:\/\/www.montepalmbeach.com\/me\/#\/schema\/logo\/image\/\"},\"sameAs\":[\"https:\/\/www.facebook.com\/montepalmbeach\",\"https:\/\/www.linkedin.com\/company\/monte-palm-beach\",\"https:\/\/www.instagram.com\/montepalmbeach\/\"]}]}<\/script>\n<!-- \/ Yoast SEO plugin. -->","yoast_head_json":{"title":"Restorani ~ Monte Palm Beach ~","description":"Na\u0161 brod \u0107e vas povesti do restorana, gde \u0107ete imati priliku da u\u017eivate u ukusima svih na\u0161ih restorana.  Prepustite se jedinstvenom do\u017eivljaju i u\u017eivajte u savr\u0161enoj kombinaciji hrane i ambijenta dok na\u0161 brod prevozi vas do svakog od na\u0161ih izuzetnih restorana.  Svaki restoran nudi specifi\u010dne ukuse i kulinarske do\u017eivljaje koji \u0107e zadovoljiti i najzahtevnije gurmane.  O\u010dekuje vas nezaboravna avantura kroz raznovrsne ukuse i atmosferu koja \u0107e vas o\u010darati..","robots":{"index":"index","follow":"follow","max-snippet":"max-snippet:-1","max-image-preview":"max-image-preview:large","max-video-preview":"max-video-preview:-1"},"canonical":"https:\/\/www.montepalmbeach.com\/me\/restorani\/","og_locale":"en_US","og_type":"article","og_title":"Restorani ~ Monte Palm Beach ~","og_description":"Na\u0161 brod \u0107e vas povesti do restorana, gde \u0107ete imati priliku da u\u017eivate u ukusima svih na\u0161ih restorana.  Prepustite se jedinstvenom do\u017eivljaju i u\u017eivajte u savr\u0161enoj kombinaciji hrane i ambijenta dok na\u0161 brod prevozi vas do svakog od na\u0161ih izuzetnih restorana.  Svaki restoran nudi specifi\u010dne ukuse i kulinarske do\u017eivljaje koji \u0107e zadovoljiti i najzahtevnije gurmane.  O\u010dekuje vas nezaboravna avantura kroz raznovrsne ukuse i atmosferu koja \u0107e vas o\u010darati..","og_url":"https:\/\/www.montepalmbeach.com\/me\/restorani\/","og_site_name":"Monte Palm Beach","article_publisher":"https:\/\/www.facebook.com\/montepalmbeach","article_modified_time":"2025-04-22T10:47:02+00:00","og_image":[{"width":2200,"height":1406,"url":"https:\/\/www.montepalmbeach.com\/wp-content\/uploads\/sites\/230\/2025\/04\/hotel-Monte-Palm-Beach-4.jpg","type":"image\/jpeg"}],"twitter_card":"summary_large_image","twitter_misc":{"Est. reading time":"1 minute"},"schema":{"@context":"https:\/\/schema.org","@graph":[{"@type":"WebPage","@id":"https:\/\/www.montepalmbeach.com\/me\/restorani\/","url":"https:\/\/www.montepalmbeach.com\/me\/restorani\/","name":"Restorani ~ Monte Palm Beach ~","isPartOf":{"@id":"https:\/\/www.montepalmbeach.com\/me\/#website"},"datePublished":"2025-04-10T13:39:49+00:00","dateModified":"2025-04-22T10:47:02+00:00","description":"Na\u0161 brod \u0107e vas povesti do restorana, gde \u0107ete imati priliku da u\u017eivate u ukusima svih na\u0161ih restorana. Prepustite se jedinstvenom do\u017eivljaju i u\u017eivajte u savr\u0161enoj kombinaciji hrane i ambijenta dok na\u0161 brod prevozi vas do svakog od na\u0161ih izuzetnih restorana. Svaki restoran nudi specifi\u010dne ukuse i kulinarske do\u017eivljaje koji \u0107e zadovoljiti i najzahtevnije gurmane. O\u010dekuje vas nezaboravna avantura kroz raznovrsne ukuse i atmosferu koja \u0107e vas o\u010darati..","breadcrumb":{"@id":"https:\/\/www.montepalmbeach.com\/me\/restorani\/#breadcrumb"},"inLanguage":"me-MNE","potentialAction":[{"@type":"ReadAction","target":["https:\/\/www.montepalmbeach.com\/me\/restorani\/"]}]},{"@type":"BreadcrumbList","@id":"https:\/\/www.montepalmbeach.com\/me\/restorani\/#breadcrumb","itemListElement":[{"@type":"ListItem","position":1,"name":"Home","item":"https:\/\/www.montepalmbeach.com\/me\/"},{"@type":"ListItem","position":2,"name":"Restorani"}]},{"@type":"WebSite","@id":"https:\/\/www.montepalmbeach.com\/me\/#website","url":"https:\/\/www.montepalmbeach.com\/me\/","name":"Monte Palm Beach Hotel Resort & SPA","description":"","publisher":{"@id":"https:\/\/www.montepalmbeach.com\/me\/#organization"},"alternateName":"Monte Palm Beach Hotel","potentialAction":[{"@type":"SearchAction","target":{"@type":"EntryPoint","urlTemplate":"https:\/\/www.montepalmbeach.com\/me\/?s={search_term_string}"},"query-input":"required name=search_term_string"}],"inLanguage":"me-MNE"},{"@type":"Organization","@id":"https:\/\/www.montepalmbeach.com\/me\/#organization","name":"Monte Palm Beach Hotel Resort & SPA","url":"https:\/\/www.montepalmbeach.com\/me\/","logo":{"@type":"ImageObject","inLanguage":"me-MNE","@id":"https:\/\/www.montepalmbeach.com\/me\/#\/schema\/logo\/image\/","url":"https:\/\/www.montepalmbeach.com\/wp-content\/uploads\/sites\/230\/2025\/04\/MONTE-Palm-Beach-logo.png","contentUrl":"https:\/\/www.montepalmbeach.com\/wp-content\/uploads\/sites\/230\/2025\/04\/MONTE-Palm-Beach-logo.png","width":1100,"height":1011,"caption":"Monte Palm Beach Hotel Resort & SPA"},"image":{"@id":"https:\/\/www.montepalmbeach.com\/me\/#\/schema\/logo\/image\/"},"sameAs":["https:\/\/www.facebook.com\/montepalmbeach","https:\/\/www.linkedin.com\/company\/monte-palm-beach","https:\/\/www.instagram.com\/montepalmbeach\/"]}]}},"acf":[],"_links":{"self":[{"href":"https:\/\/www.montepalmbeach.com\/me\/wp-json\/wp\/v2\/pages\/86"}],"collection":[{"href":"https:\/\/www.montepalmbeach.com\/me\/wp-json\/wp\/v2\/pages"}],"about":[{"href":"https:\/\/www.montepalmbeach.com\/me\/wp-json\/wp\/v2\/types\/page"}],"author":[{"embeddable":true,"href":"https:\/\/www.montepalmbeach.com\/me\/wp-json\/wp\/v2\/users\/8"}],"replies":[{"embeddable":true,"href":"https:\/\/www.montepalmbeach.com\/me\/wp-json\/wp\/v2\/comments?post=86"}],"version-history":[{"count":0,"href":"https:\/\/www.montepalmbeach.com\/me\/wp-json\/wp\/v2\/pages\/86\/revisions"}],"wp:attachment":[{"href":"https:\/\/www.montepalmbeach.com\/me\/wp-json\/wp\/v2\/media?parent=86"}],"curies":[{"name":"wp","href":"https:\/\/api.w.org\/{rel}","templated":true}]}}